{"id":3,"date":"2025-08-19T09:28:58","date_gmt":"2025-08-19T09:28:58","guid":{"rendered":"https:\/\/vadio.elevated.pt\/?page_id=3"},"modified":"2025-12-17T09:38:31","modified_gmt":"2025-12-17T09:38:31","slug":"politicas-de-privacidade","status":"publish","type":"page","link":"https:\/\/vadio.pt\/en\/politicas-de-privacidade\/","title":{"rendered":"Privacy Policy"},"content":{"rendered":"<div data-elementor-type=\"wp-page\" data-elementor-id=\"3\" class=\"elementor elementor-3\">\n\t\t\t\t<div class=\"elementor-element elementor-element-4cfbc03f e-flex e-con-boxed e-con e-parent\" data-id=\"4cfbc03f\" data-element_type=\"container\">\n\t\t\t\t\t<div class=\"e-con-inner\">\n\t\t\t\t<div class=\"elementor-element elementor-element-55df7c0 elementor-widget elementor-widget-heading\" data-id=\"55df7c0\" data-element_type=\"widget\" data-widget_type=\"heading.default\">\n\t\t\t\t\t<h2 class=\"elementor-heading-title elementor-size-default\">Pol\u00edtica de Privacidade<\/h2>\t\t\t\t<\/div>\n\t\t\t\t<div class=\"elementor-element elementor-element-759597bf color-scheme-inherit text-left elementor-widget elementor-widget-text-editor\" data-id=\"759597bf\" data-element_type=\"widget\" data-widget_type=\"text-editor.default\">\n\t\t\t\t\t\t\t\t\t\n<h2 class=\"wp-block-heading\"><\/h2>\n\n\n\n<p><br>A VADIO WINES UNIPESSOAL, LDA., est\u00e1 obrigada ao cumprimento da legisla\u00e7\u00e3o aplic\u00e1vel nesta mat\u00e9ria, designadamente das regras constantes no Regulamento Geral de Prote\u00e7\u00e3o de Dados (\u201cRGPD\u201d), aprovado pelo Regulamento (UE) 2016\/679 do Parlamento Europeu e do Conselho, de 27 de abril de 2016.<br>Assim sendo, solicitamos que leia atentamente esta nossa PP, e, caso surja qualquer quest\u00e3o relacionada com o exerc\u00edcio dos seus direitos nesta mat\u00e9ria, n\u00e3o deixe de entrar em contacto connosco. Poder\u00e1 faz\u00ea-lo atrav\u00e9s do seguinte endere\u00e7o eletr\u00f3nico geral@vadio.pt.<br>Por fim, note que a disponibiliza\u00e7\u00e3o dos seus dados pessoais no \u00e2mbito da utiliza\u00e7\u00e3o do Site implica o conhecimento e a aceita\u00e7\u00e3o das condi\u00e7\u00f5es constantes desta PP, a qual \u00e9 complementada pelos seus Termos e Condi\u00e7\u00f5es de Utiliza\u00e7\u00e3o, e, ainda, pela nossa Pol\u00edtica de Cookies.<br><br>1. Dados pessoais<br>Nos termos do RGPD, \u201cDado Pessoal\u201d ser\u00e1 toda e qualquer \u201cinforma\u00e7\u00e3o relativa a uma pessoa singular identificada ou identific\u00e1vel (\u00abtitular dos dados\u00bb); \u00e9 considerada identific\u00e1vel uma pessoa singular que possa ser identificada, direta ou indiretamente, em especial por refer\u00eancia a um identificador, como por exemplo um nome, um n\u00famero de identifica\u00e7\u00e3o, dados de localiza\u00e7\u00e3o, identificadores por via eletr\u00f3nica ou a um ou mais elementos espec\u00edficos da identidade f\u00edsica, fisiol\u00f3gica, gen\u00e9tica, mental, econ\u00f3mica, cultural ou social dessa pessoa singular;\u201d.<\/p>\n\n\n\n<p>2. Respons\u00e1veis pelo tratamento dos dados pessoais<br>A responsabilidade pelo tratamento dos dados pessoais que venham a ser transmitidos no \u00e2mbito da utiliza\u00e7\u00e3o do Site, independentemente da sua natureza ou titularidade, caber\u00e1 sempre \u00e0 VADIO WINES UNIPESSOAL, LDA., na pessoa do seu representante, a saber: Paulo Ribeirinho.<br>Contudo, no \u00e2mbito do tratamento dos dados pessoais dos Compradores \u2013 pessoas singulares ou coletivas que utilizem o Site para adquirirem produtos comercializados pelos Vendedores \u2013 , a VADIO WINES UNIPESSOAL, LDA. e os Vendedores atuar\u00e3o como Respons\u00e1veis Conjuntos, cabendo-lhes determinar reciprocamente as finalidades e os meios desse tratamento, bem como delimitar, entre si, e de modo transparente, as respetivas responsabilidades pelo cumprimento da legisla\u00e7\u00e3o concretamente aplic\u00e1vel, designadamente no que respeita ao exerc\u00edcio dos direitos dos titulares.<br>Sempre que se justifique, a VADIO WINES UNIPESSOAL, LDA. poder\u00e1 recorrer a Subcontratantes, entendendo-se, como tal, as pessoas singulares ou coletivas que tratem dados pessoais por sua conta, facto para o qual os utilizadores do Site d\u00e3o, desde j\u00e1, o seu expresso consentimento.<br>Em especial, o recurso a Subcontratantes ter\u00e1 lugar para efeitos de: gest\u00e3o da rela\u00e7\u00e3o comercial entre Compradores e Vendedores, presta\u00e7\u00e3o de servi\u00e7os de venda e fornecimento, processamento de pagamentos e fatura\u00e7\u00e3o, garantia de execu\u00e7\u00e3o de dilig\u00eancias e de opera\u00e7\u00f5es de backoffice, designadamente ao n\u00edvel do apoio e assist\u00eancia t\u00e9cnica e operacional necess\u00e1ria ao funcionamento Site, bem como todas as outras tidas por necess\u00e1rias e\/ou convenientes, a cada momento.<br>Os Subcontratantes a quem a VADIO WINES UNIPESSOAL, LDA. recorre implementar\u00e3o todas as medidas t\u00e9cnicas e organizativas adequadas \u00e0 prote\u00e7\u00e3o dos dados pessoais que lhes sejam por si transmitidos, de modo a assegurarem a defesa dos direitos e interesses dos respetivos titulares.<br>Sem preju\u00edzo do explicitado acima, cumpre notar que a pol\u00edtica de privacidade dos Vendedores para cujo Website o Site possa remeter n\u00e3o \u00e9 aplic\u00e1vel \u00e0 VADIO WINES UNIPESSOAL, LDA., n\u00e3o sendo esta respons\u00e1vel pelas informa\u00e7\u00f5es que a\u00ed se possam disponibilizar.<\/p>\n\n\n\n<p><br>3. Recolha e tratamento de dados pessoais<br>O acesso e a mera utiliza\u00e7\u00e3o do Site pelos Utilizadores n\u00e3o implica a recolha ou tratamento de qualquer dado pessoal. Todavia, sempre que o Utilizador crie uma conta no Site, ser\u00e3o recolhidos determinados dados, cuja natureza varia consoante a finalidade que lhe esteja associada. As finalidades subjacentes \u00e0 recolha e tratamento de dados poder\u00e3o ser consultadas no ponto 7 da presente PP.<\/p>\n\n\n\n<p><br>4. Transfer\u00eancias de dados pessoais<br>Em determinados casos, os dados pessoais que sejam transmitidos pelos Utilizadores do Site poder\u00e3o ser objeto de transfer\u00eancia para outras entidades que prestem servi\u00e7o \u00e0 VADIO WINES UNIPESSOAL, LDA. que operam foram do espa\u00e7o da Uni\u00e3o Europeia.<br>No caso espec\u00edfico de transfer\u00eancia de dados pessoais para entidades localizadas nos Estados Unidos da Am\u00e9rica, asseguramos que as mesmas cumprem com os princ\u00edpios estabelecidos no Privacy Shield (acordo celebrado entre a Comiss\u00e3o Europeia e o U.S. Department of Commerce que imp\u00f5e \u00e0s empresas norte-americanas recetoras de dados pessoais recolhidos na Uni\u00e3o Europeia especiais obriga\u00e7\u00f5es de salvaguarda e cautela).<\/p>\n\n\n\n<p><br>5. Direitos dos titulares dos dados pessoais<br>\u00c9 garantido aos utilizadores do Site, independentemente da qualidade com que atuem, o direito de acesso, retifica\u00e7\u00e3o, retirada de consentimento, oposi\u00e7\u00e3o ao tratamento para os fins anteriormente definidos, apagamento, limita\u00e7\u00e3o e portabilidade dos dados pessoais que tiverem transmitido.<br>Os direitos dos utilizadores atr\u00e1s referidos poder\u00e3o ser exercidos a todo e qualquer momento, bastando, para esse efeito, que os interessados enviem por escrito tais pedidos para o representante do Respons\u00e1vel pelo Tratamento de Dados Pessoais \u2013 geral@vadio.pt.<br>Sem preju\u00edzo do referido nos termos anteriores, os utilizadores do Site que tenham transmitido os seus dados pessoais poder\u00e3o ainda apresentar, sempre que o considerem pertinente, reclama\u00e7\u00e3o junto da Autoridade Nacional de Controlo (Comiss\u00e3o Nacional de Prote\u00e7\u00e3o de Dados \u2013 CNPD), cujos contactos podem ser consultados em https:\/\/www.cnpd.pt\/.<\/p>\n\n\n\n<p><br>6. Per\u00edodo de conserva\u00e7\u00e3o dos dados pessoais<br>Os dados pessoais recolhidos e tratados pela VADIO WINES UNIPESSOAL, LDA. ser\u00e3o conservados durante todo o per\u00edodo de tempo em que se mantiver ativa a inscri\u00e7\u00e3o dos utilizadores no Site.<br>Uma vez extinta a inscri\u00e7\u00e3o do utilizador no Site, os dados pessoais que este haja transmitido \u00e0 VADIO WINES UNIPESSOAL, LDA. ser\u00e3o conservados at\u00e9 1 (um) ano a contar daquela data, exceto se outro prazo de conserva\u00e7\u00e3o decorrer da lei concretamente aplic\u00e1vel.<br>Contudo, o utilizador do Site pode, a qualquer altura, solicitar \u00e0 VADIO WINES UNIPESSOAL, LDA. o apagamento dos dados pessoais que tiver transmitido.<\/p>\n\n\n\n<p><br>7. Finalidades associadas \u00e0 recolha e tratamento dos dados pessoais<br>Os dados pessoais fornecidos no \u00e2mbito da utiliza\u00e7\u00e3o do Site ser\u00e3o tratados e armazenados informaticamente em base de dados especificamente criadas para este efeito e s\u00e3o de fornecimento obrigat\u00f3rio por serem necess\u00e1rios e indispens\u00e1veis para o cumprimento das seguintes finalidades: realiza\u00e7\u00e3o da inscri\u00e7\u00e3o de Compradores e Vendedores; acesso, utiliza\u00e7\u00e3o e frui\u00e7\u00e3o do Site pelos mesmos; execu\u00e7\u00e3o dos demais fins, incluindo a presta\u00e7\u00e3o de servi\u00e7os a Compradores e Vendedores, a execu\u00e7\u00e3o das transa\u00e7\u00f5es comerciais a celebrar entre estes, a gest\u00e3o comercial dos Compradores e Vendedores, a realiza\u00e7\u00e3o de opera\u00e7\u00f5es de Marketing e vendas, incluindo o envio de informa\u00e7\u00f5es sobre novos ou atuais produtos, ofertas ou outras a\u00e7\u00f5es promocionais; cumprimento de obriga\u00e7\u00f5es legais em vigor (nomeadamente de natureza fiscal, administrativa e judicial).<\/p>\n\n\n\n<p><br>8. Medidas de seguran\u00e7a<br>A VADIO WINES UNIPESSOAL, LDA. est\u00e1 empenhada na prote\u00e7\u00e3o da privacidade dos utilizadores do Site. Assim, recorre a sistemas de seguran\u00e7a altamente inovadores que garantem que todo e qualquer dado pessoal que lhe venha a ser transmitido pelos Utilizadores do Site seja adequadamente armazenado e protegido, prevenindo e impedindo qualquer acesso n\u00e3o autorizado a estes elementos, bem como a sua perda, divulga\u00e7\u00e3o, destrui\u00e7\u00e3o ou uso para al\u00e9m da finalidade que justificou a sua recolha.<br>Em concreto, a VADIO WINES UNIPESSOAL, LDA. adota as seguintes medidas de seguran\u00e7a:<br>\u2013 Encripta\u00e7\u00e3o de todos os dados pessoais que lhe sejam transmitidos;<br>\u2013 Obrigatoriedade de uso de uma senha pessoal para cada Utilizador;<br>\u2013 Salvaguarda acrescida dos dados relativos aos cart\u00f5es de d\u00e9bito ou cr\u00e9dito dos Utilizadores. Este tipo de dados n\u00e3o ser\u00e1 armazenado, garantindo, assim, que terceiros n\u00e3o possam lhes possam aceder ou utilizar.<br>\u2013 Supervis\u00e3o constante dos servidores inform\u00e1ticos de modo a reduzir qualquer hip\u00f3tese de ataque ou situa\u00e7\u00e3o de vulnerabilidade.<\/p>\n\n\n\n<p><br>9. Pol\u00edtica de Cookies<br>O Site utiliza Cookies, entendendo-se estes como arquivos de texto que identificam o computador do Utilizador no servidor da VADIO WINES UNIPESSOAL, LDA. Deste modo, os Cookies utilizados n\u00e3o identificam individualmente o Utilizador do Site, e, nessa medida, n\u00e3o constituem uma ferramenta de recolha de dados pessoais.<br>A nossa Pol\u00edtica de Cookies poder\u00e1 ser consultada aqui.<\/p>\n\n\n\n<p><br>10. Altera\u00e7\u00f5es \u00e0 Pol\u00edtica de Privacidade<br>A VADIO WINES UNIPESSOAL, LDA. reserva-se o direito de proceder \u00e0s altera\u00e7\u00f5es que se revelarem necess\u00e1rias nesta PP. Sempre que tal aconte\u00e7a, as mesmas ser\u00e3o publicadas no Site.<\/p>\n\t\t\t\t\t\t\t\t<\/div>\n\t\t\t\t\t<\/div>\n\t\t\t\t<\/div>\n\t\t\t\t<\/div>","protected":false},"excerpt":{"rendered":"<p>Pol\u00edtica de Privacidade A VADIO WINES UNIPESSOAL, LDA., est\u00e1 obrigada ao cumprimento da legisla\u00e7\u00e3o aplic\u00e1vel nesta mat\u00e9ria, designadamente das regras<\/p>","protected":false},"author":1,"featured_media":0,"parent":0,"menu_order":0,"comment_status":"closed","ping_status":"closed","template":"elementor_header_footer","meta":{"footnotes":""},"class_list":["post-3","page","type-page","status-publish","hentry"],"jetpack_sharing_enabled":true,"_links":{"self":[{"href":"https:\/\/vadio.pt\/en\/wp-json\/wp\/v2\/pages\/3","targetHints":{"allow":["GET"]}}],"collection":[{"href":"https:\/\/vadio.pt\/en\/wp-json\/wp\/v2\/pages"}],"about":[{"href":"https:\/\/vadio.pt\/en\/wp-json\/wp\/v2\/types\/page"}],"author":[{"embeddable":true,"href":"https:\/\/vadio.pt\/en\/wp-json\/wp\/v2\/users\/1"}],"replies":[{"embeddable":true,"href":"https:\/\/vadio.pt\/en\/wp-json\/wp\/v2\/comments?post=3"}],"version-history":[{"count":8,"href":"https:\/\/vadio.pt\/en\/wp-json\/wp\/v2\/pages\/3\/revisions"}],"predecessor-version":[{"id":30356,"href":"https:\/\/vadio.pt\/en\/wp-json\/wp\/v2\/pages\/3\/revisions\/30356"}],"wp:attachment":[{"href":"https:\/\/vadio.pt\/en\/wp-json\/wp\/v2\/media?parent=3"}],"curies":[{"name":"wp","href":"https:\/\/api.w.org\/{rel}","templated":true}]}}